{"id":786,"date":"2016-09-19T15:11:46","date_gmt":"2016-09-19T15:11:46","guid":{"rendered":"https:\/\/hotel-deluxe.dev1.droxic.com\/fr\/weather\/"},"modified":"2016-11-10T11:42:32","modified_gmt":"2016-11-10T11:42:32","slug":"weather","status":"publish","type":"page","link":"https:\/\/grandesalpes.com\/fr\/weather\/","title":{"rendered":"Weather"},"content":{"rendered":"<h2 class=\"text-center aos-init aos-animate\" data-aos=\"fade-up\">PR\u00c9VISIONS M\u00c9T\u00c9OROLOGIQUES \u00c0 COURCHEVEL<\/h2>\n","protected":false},"excerpt":{"rendered":"<p>PR\u00c9VISIONS M\u00c9T\u00c9OROLOGIQUES \u00c0 COURCHEVEL<\/p>\n","protected":false},"author":1,"featured_media":0,"parent":0,"menu_order":4,"comment_status":"closed","ping_status":"closed","template":"page-weather.php","meta":{"_acf_changed":false,"footnotes":""},"class_list":["post-786","page","type-page","status-publish","hentry"],"acf":[],"yoast_head":"<!-- This site is optimized with the Yoast SEO plugin v27.4 - https:\/\/yoast.com\/product\/yoast-seo-wordpress\/ -->\n<title>Weather - Grandes Alpes Hotel*****<\/title>\n<meta name=\"robots\" content=\"index, follow, max-snippet:-1, max-image-preview:large, max-video-preview:-1\" \/>\n<link rel=\"canonical\" href=\"https:\/\/grandesalpes.com\/fr\/weather\/\" \/>\n<meta property=\"og:locale\" content=\"fr_FR\" \/>\n<meta property=\"og:type\" content=\"article\" \/>\n<meta property=\"og:title\" content=\"Weather - Grandes Alpes Hotel*****\" \/>\n<meta property=\"og:description\" content=\"PR\u00c9VISIONS M\u00c9T\u00c9OROLOGIQUES \u00c0 COURCHEVEL\" \/>\n<meta property=\"og:url\" content=\"https:\/\/grandesalpes.com\/fr\/weather\/\" \/>\n<meta property=\"og:site_name\" content=\"Grandes Alpes Hotel*****\" \/>\n<meta property=\"article:modified_time\" content=\"2016-11-10T11:42:32+00:00\" \/>\n<meta name=\"twitter:card\" content=\"summary_large_image\" \/>\n<script type=\"application\/ld+json\" class=\"yoast-schema-graph\">{\"@context\":\"https:\\\/\\\/schema.org\",\"@graph\":[{\"@type\":\"WebPage\",\"@id\":\"https:\\\/\\\/grandesalpes.com\\\/fr\\\/weather\\\/\",\"url\":\"https:\\\/\\\/grandesalpes.com\\\/fr\\\/weather\\\/\",\"name\":\"Weather - Grandes Alpes Hotel*****\",\"isPartOf\":{\"@id\":\"https:\\\/\\\/grandesalpes.com\\\/#website\"},\"datePublished\":\"2016-09-19T15:11:46+00:00\",\"dateModified\":\"2016-11-10T11:42:32+00:00\",\"breadcrumb\":{\"@id\":\"https:\\\/\\\/grandesalpes.com\\\/fr\\\/weather\\\/#breadcrumb\"},\"inLanguage\":\"fr-FR\",\"potentialAction\":[{\"@type\":\"ReadAction\",\"target\":[\"https:\\\/\\\/grandesalpes.com\\\/fr\\\/weather\\\/\"]}]},{\"@type\":\"BreadcrumbList\",\"@id\":\"https:\\\/\\\/grandesalpes.com\\\/fr\\\/weather\\\/#breadcrumb\",\"itemListElement\":[{\"@type\":\"ListItem\",\"position\":1,\"name\":\"\u0413\u043b\u0430\u0432\u043d\u0430\u044f \u0441\u0442\u0440\u0430\u043d\u0438\u0446\u0430\",\"item\":\"https:\\\/\\\/grandesalpes.com\\\/\"},{\"@type\":\"ListItem\",\"position\":2,\"name\":\"Weather\"}]},{\"@type\":\"WebSite\",\"@id\":\"https:\\\/\\\/grandesalpes.com\\\/#website\",\"url\":\"https:\\\/\\\/grandesalpes.com\\\/\",\"name\":\"Grandes Alpes Hotel*****\",\"description\":\"Courchevel 1850\",\"potentialAction\":[{\"@type\":\"SearchAction\",\"target\":{\"@type\":\"EntryPoint\",\"urlTemplate\":\"https:\\\/\\\/grandesalpes.com\\\/?s={search_term_string}\"},\"query-input\":{\"@type\":\"PropertyValueSpecification\",\"valueRequired\":true,\"valueName\":\"search_term_string\"}}],\"inLanguage\":\"fr-FR\"}]}<\/script>\n<!-- \/ Yoast SEO plugin. -->","yoast_head_json":{"title":"Weather - Grandes Alpes Hotel*****","robots":{"index":"index","follow":"follow","max-snippet":"max-snippet:-1","max-image-preview":"max-image-preview:large","max-video-preview":"max-video-preview:-1"},"canonical":"https:\/\/grandesalpes.com\/fr\/weather\/","og_locale":"fr_FR","og_type":"article","og_title":"Weather - Grandes Alpes Hotel*****","og_description":"PR\u00c9VISIONS M\u00c9T\u00c9OROLOGIQUES \u00c0 COURCHEVEL","og_url":"https:\/\/grandesalpes.com\/fr\/weather\/","og_site_name":"Grandes Alpes Hotel*****","article_modified_time":"2016-11-10T11:42:32+00:00","twitter_card":"summary_large_image","schema":{"@context":"https:\/\/schema.org","@graph":[{"@type":"WebPage","@id":"https:\/\/grandesalpes.com\/fr\/weather\/","url":"https:\/\/grandesalpes.com\/fr\/weather\/","name":"Weather - Grandes Alpes Hotel*****","isPartOf":{"@id":"https:\/\/grandesalpes.com\/#website"},"datePublished":"2016-09-19T15:11:46+00:00","dateModified":"2016-11-10T11:42:32+00:00","breadcrumb":{"@id":"https:\/\/grandesalpes.com\/fr\/weather\/#breadcrumb"},"inLanguage":"fr-FR","potentialAction":[{"@type":"ReadAction","target":["https:\/\/grandesalpes.com\/fr\/weather\/"]}]},{"@type":"BreadcrumbList","@id":"https:\/\/grandesalpes.com\/fr\/weather\/#breadcrumb","itemListElement":[{"@type":"ListItem","position":1,"name":"\u0413\u043b\u0430\u0432\u043d\u0430\u044f \u0441\u0442\u0440\u0430\u043d\u0438\u0446\u0430","item":"https:\/\/grandesalpes.com\/"},{"@type":"ListItem","position":2,"name":"Weather"}]},{"@type":"WebSite","@id":"https:\/\/grandesalpes.com\/#website","url":"https:\/\/grandesalpes.com\/","name":"Grandes Alpes Hotel*****","description":"Courchevel 1850","potentialAction":[{"@type":"SearchAction","target":{"@type":"EntryPoint","urlTemplate":"https:\/\/grandesalpes.com\/?s={search_term_string}"},"query-input":{"@type":"PropertyValueSpecification","valueRequired":true,"valueName":"search_term_string"}}],"inLanguage":"fr-FR"}]}},"_links":{"self":[{"href":"https:\/\/grandesalpes.com\/fr\/wp-json\/wp\/v2\/pages\/786","targetHints":{"allow":["GET"]}}],"collection":[{"href":"https:\/\/grandesalpes.com\/fr\/wp-json\/wp\/v2\/pages"}],"about":[{"href":"https:\/\/grandesalpes.com\/fr\/wp-json\/wp\/v2\/types\/page"}],"author":[{"embeddable":true,"href":"https:\/\/grandesalpes.com\/fr\/wp-json\/wp\/v2\/users\/1"}],"replies":[{"embeddable":true,"href":"https:\/\/grandesalpes.com\/fr\/wp-json\/wp\/v2\/comments?post=786"}],"version-history":[{"count":1,"href":"https:\/\/grandesalpes.com\/fr\/wp-json\/wp\/v2\/pages\/786\/revisions"}],"predecessor-version":[{"id":787,"href":"https:\/\/grandesalpes.com\/fr\/wp-json\/wp\/v2\/pages\/786\/revisions\/787"}],"wp:attachment":[{"href":"https:\/\/grandesalpes.com\/fr\/wp-json\/wp\/v2\/media?parent=786"}],"curies":[{"name":"wp","href":"https:\/\/api.w.org\/{rel}","templated":true}]}}