{"id":761,"date":"2016-09-15T09:17:08","date_gmt":"2016-09-15T09:17:08","guid":{"rendered":"https:\/\/hotel-deluxe.dev1.droxic.com\/fr\/restaurant-le-bizan\/"},"modified":"2025-08-20T14:00:01","modified_gmt":"2025-08-20T14:00:01","slug":"bellini-lounge-bar","status":"publish","type":"page","link":"https:\/\/grandesalpes.com\/fr\/bellini-lounge-bar\/","title":{"rendered":"Bellini Lounge Bar"},"content":{"rendered":"<p>Le Bellini\u2019s lounge bar est l\u2019endroit o\u00f9 vous devez \u00eatre cet hiver \u00e0 Courchevel !<\/p>\n<p>Apr\u00e8s le ski, le Bellini propose des p\u00e2tisseries, des chocolats chauds et des cr\u00eapes pour les enfants et les adultes.<\/p>\n<p>Nous vous proposons \u00e9galement, une superbe s\u00e9lection de spiritueux, de liqueurs et de cocktails, sans oublier une gamme de champagnes mill\u00e9sim\u00e9s servis dans des verres en cristal des plus raffin\u00e9s.<\/p>\n<p>Le Bellini\u2019s lounge bar offre tous les ingr\u00e9dients essentiels d\u2019un bar de classe mondiale. Profitez de la musique live en soir\u00e9e tout en sirotant un verre de notre c\u00e9l\u00e8bre Bellini.<\/p>\n","protected":false},"excerpt":{"rendered":"<p>Le Bellini\u2019s lounge bar est l\u2019endroit o\u00f9 vous devez \u00eatre cet hiver \u00e0 Courchevel ! Apr\u00e8s le ski, le Bellini propose des p\u00e2tisseries, des chocolats chauds et des cr\u00eapes pour les enfants et les adultes. Nous vous proposons \u00e9galement, une superbe s\u00e9lection de spiritueux, de liqueurs et de cocktails, sans oublier une gamme de champagnes [&hellip;]<\/p>\n","protected":false},"author":1,"featured_media":0,"parent":0,"menu_order":12,"comment_status":"closed","ping_status":"closed","template":"page-the-hotel.php","meta":{"_acf_changed":false,"footnotes":""},"class_list":["post-761","page","type-page","status-publish","hentry"],"acf":[],"yoast_head":"<!-- This site is optimized with the Yoast SEO plugin v27.3 - https:\/\/yoast.com\/product\/yoast-seo-wordpress\/ -->\n<title>Bellini Lounge Bar - Grandes Alpes Hotel*****<\/title>\n<meta name=\"robots\" content=\"index, follow, max-snippet:-1, max-image-preview:large, max-video-preview:-1\" \/>\n<link rel=\"canonical\" href=\"https:\/\/grandesalpes.com\/fr\/bellini-lounge-bar\/\" \/>\n<meta property=\"og:locale\" content=\"fr_FR\" \/>\n<meta property=\"og:type\" content=\"article\" \/>\n<meta property=\"og:title\" content=\"Bellini Lounge Bar - Grandes Alpes Hotel*****\" \/>\n<meta property=\"og:description\" content=\"Le Bellini\u2019s lounge bar est l\u2019endroit o\u00f9 vous devez \u00eatre cet hiver \u00e0 Courchevel ! Apr\u00e8s le ski, le Bellini propose des p\u00e2tisseries, des chocolats chauds et des cr\u00eapes pour les enfants et les adultes. Nous vous proposons \u00e9galement, une superbe s\u00e9lection de spiritueux, de liqueurs et de cocktails, sans oublier une gamme de champagnes [&hellip;]\" \/>\n<meta property=\"og:url\" content=\"https:\/\/grandesalpes.com\/fr\/bellini-lounge-bar\/\" \/>\n<meta property=\"og:site_name\" content=\"Grandes Alpes Hotel*****\" \/>\n<meta property=\"article:modified_time\" content=\"2025-08-20T14:00:01+00:00\" \/>\n<meta name=\"twitter:card\" content=\"summary_large_image\" \/>\n<meta name=\"twitter:label1\" content=\"Dur\u00e9e de lecture estim\u00e9e\" \/>\n\t<meta name=\"twitter:data1\" content=\"1 minute\" \/>\n<script type=\"application\/ld+json\" class=\"yoast-schema-graph\">{\"@context\":\"https:\\\/\\\/schema.org\",\"@graph\":[{\"@type\":\"WebPage\",\"@id\":\"https:\\\/\\\/grandesalpes.com\\\/fr\\\/bellini-lounge-bar\\\/\",\"url\":\"https:\\\/\\\/grandesalpes.com\\\/fr\\\/bellini-lounge-bar\\\/\",\"name\":\"Bellini Lounge Bar - Grandes Alpes Hotel*****\",\"isPartOf\":{\"@id\":\"https:\\\/\\\/grandesalpes.com\\\/#website\"},\"datePublished\":\"2016-09-15T09:17:08+00:00\",\"dateModified\":\"2025-08-20T14:00:01+00:00\",\"breadcrumb\":{\"@id\":\"https:\\\/\\\/grandesalpes.com\\\/fr\\\/bellini-lounge-bar\\\/#breadcrumb\"},\"inLanguage\":\"fr-FR\",\"potentialAction\":[{\"@type\":\"ReadAction\",\"target\":[\"https:\\\/\\\/grandesalpes.com\\\/fr\\\/bellini-lounge-bar\\\/\"]}]},{\"@type\":\"BreadcrumbList\",\"@id\":\"https:\\\/\\\/grandesalpes.com\\\/fr\\\/bellini-lounge-bar\\\/#breadcrumb\",\"itemListElement\":[{\"@type\":\"ListItem\",\"position\":1,\"name\":\"\u0413\u043b\u0430\u0432\u043d\u0430\u044f \u0441\u0442\u0440\u0430\u043d\u0438\u0446\u0430\",\"item\":\"https:\\\/\\\/grandesalpes.com\\\/\"},{\"@type\":\"ListItem\",\"position\":2,\"name\":\"Bellini Lounge Bar\"}]},{\"@type\":\"WebSite\",\"@id\":\"https:\\\/\\\/grandesalpes.com\\\/#website\",\"url\":\"https:\\\/\\\/grandesalpes.com\\\/\",\"name\":\"Grandes Alpes Hotel*****\",\"description\":\"Courchevel 1850\",\"potentialAction\":[{\"@type\":\"SearchAction\",\"target\":{\"@type\":\"EntryPoint\",\"urlTemplate\":\"https:\\\/\\\/grandesalpes.com\\\/?s={search_term_string}\"},\"query-input\":{\"@type\":\"PropertyValueSpecification\",\"valueRequired\":true,\"valueName\":\"search_term_string\"}}],\"inLanguage\":\"fr-FR\"}]}<\/script>\n<!-- \/ Yoast SEO plugin. -->","yoast_head_json":{"title":"Bellini Lounge Bar - Grandes Alpes Hotel*****","robots":{"index":"index","follow":"follow","max-snippet":"max-snippet:-1","max-image-preview":"max-image-preview:large","max-video-preview":"max-video-preview:-1"},"canonical":"https:\/\/grandesalpes.com\/fr\/bellini-lounge-bar\/","og_locale":"fr_FR","og_type":"article","og_title":"Bellini Lounge Bar - Grandes Alpes Hotel*****","og_description":"Le Bellini\u2019s lounge bar est l\u2019endroit o\u00f9 vous devez \u00eatre cet hiver \u00e0 Courchevel ! Apr\u00e8s le ski, le Bellini propose des p\u00e2tisseries, des chocolats chauds et des cr\u00eapes pour les enfants et les adultes. Nous vous proposons \u00e9galement, une superbe s\u00e9lection de spiritueux, de liqueurs et de cocktails, sans oublier une gamme de champagnes [&hellip;]","og_url":"https:\/\/grandesalpes.com\/fr\/bellini-lounge-bar\/","og_site_name":"Grandes Alpes Hotel*****","article_modified_time":"2025-08-20T14:00:01+00:00","twitter_card":"summary_large_image","twitter_misc":{"Dur\u00e9e de lecture estim\u00e9e":"1 minute"},"schema":{"@context":"https:\/\/schema.org","@graph":[{"@type":"WebPage","@id":"https:\/\/grandesalpes.com\/fr\/bellini-lounge-bar\/","url":"https:\/\/grandesalpes.com\/fr\/bellini-lounge-bar\/","name":"Bellini Lounge Bar - Grandes Alpes Hotel*****","isPartOf":{"@id":"https:\/\/grandesalpes.com\/#website"},"datePublished":"2016-09-15T09:17:08+00:00","dateModified":"2025-08-20T14:00:01+00:00","breadcrumb":{"@id":"https:\/\/grandesalpes.com\/fr\/bellini-lounge-bar\/#breadcrumb"},"inLanguage":"fr-FR","potentialAction":[{"@type":"ReadAction","target":["https:\/\/grandesalpes.com\/fr\/bellini-lounge-bar\/"]}]},{"@type":"BreadcrumbList","@id":"https:\/\/grandesalpes.com\/fr\/bellini-lounge-bar\/#breadcrumb","itemListElement":[{"@type":"ListItem","position":1,"name":"\u0413\u043b\u0430\u0432\u043d\u0430\u044f \u0441\u0442\u0440\u0430\u043d\u0438\u0446\u0430","item":"https:\/\/grandesalpes.com\/"},{"@type":"ListItem","position":2,"name":"Bellini Lounge Bar"}]},{"@type":"WebSite","@id":"https:\/\/grandesalpes.com\/#website","url":"https:\/\/grandesalpes.com\/","name":"Grandes Alpes Hotel*****","description":"Courchevel 1850","potentialAction":[{"@type":"SearchAction","target":{"@type":"EntryPoint","urlTemplate":"https:\/\/grandesalpes.com\/?s={search_term_string}"},"query-input":{"@type":"PropertyValueSpecification","valueRequired":true,"valueName":"search_term_string"}}],"inLanguage":"fr-FR"}]}},"_links":{"self":[{"href":"https:\/\/grandesalpes.com\/fr\/wp-json\/wp\/v2\/pages\/761","targetHints":{"allow":["GET"]}}],"collection":[{"href":"https:\/\/grandesalpes.com\/fr\/wp-json\/wp\/v2\/pages"}],"about":[{"href":"https:\/\/grandesalpes.com\/fr\/wp-json\/wp\/v2\/types\/page"}],"author":[{"embeddable":true,"href":"https:\/\/grandesalpes.com\/fr\/wp-json\/wp\/v2\/users\/1"}],"replies":[{"embeddable":true,"href":"https:\/\/grandesalpes.com\/fr\/wp-json\/wp\/v2\/comments?post=761"}],"version-history":[{"count":27,"href":"https:\/\/grandesalpes.com\/fr\/wp-json\/wp\/v2\/pages\/761\/revisions"}],"predecessor-version":[{"id":6827,"href":"https:\/\/grandesalpes.com\/fr\/wp-json\/wp\/v2\/pages\/761\/revisions\/6827"}],"wp:attachment":[{"href":"https:\/\/grandesalpes.com\/fr\/wp-json\/wp\/v2\/media?parent=761"}],"curies":[{"name":"wp","href":"https:\/\/api.w.org\/{rel}","templated":true}]}}