{"id":758,"date":"2016-09-14T16:05:11","date_gmt":"2016-09-14T16:05:11","guid":{"rendered":"https:\/\/hotel-deluxe.dev1.droxic.com\/fr\/luxury-apartments\/"},"modified":"2025-09-02T14:10:03","modified_gmt":"2025-09-02T14:10:03","slug":"luxury-apartments","status":"publish","type":"page","link":"https:\/\/grandesalpes.com\/fr\/luxury-apartments\/","title":{"rendered":"Chambres, Suites et Appartements Luxueux"},"content":{"rendered":"<p>L\u2019H\u00f4tel les Grandes Alpes est un chef-d\u2019\u0153uvre plac\u00e9 sous le signe du luxe et du raffinement, pens\u00e9 par un architecte d\u2019int\u00e9rieur fran\u00e7ais de renom Jean-Marc Mouchet, sp\u00e9cialis\u00e9 dans les essences de bois et les \u00e9l\u00e9ments naturels qui a su conjuguer dans ce fastueux \u00e9crin modernit\u00e9 et confort.<\/p>\n<p>Situ\u00e9 au c\u0153ur de la station de Courchevel 1850 v\u00e9ritable \u00e9tablissement \u00ab ski aux pieds \u00bb propose des appartements \u00e9l\u00e9gamment am\u00e9nag\u00e9s avec cuisine enti\u00e8rement \u00e9quip\u00e9e, cave \u00e0 vin, chemin\u00e9e et pour certains d\u2019entres eux espace de massage et hammam. Nos appartements combinent l&rsquo;intimit\u00e9 et les commodit\u00e9s d&rsquo;un h\u00f4tel 5 \u00e9toiles avec un service personnalis\u00e9 in\u00e9gal\u00e9 sur mesure avec majordome personnel, service d\u2019\u00e9tages et chef priv\u00e9 en option.<\/p>\n<p>L\u2019h\u00f4tel Grandes Alpes est compos\u00e9 de neuf appartements priv\u00e9s, offrant trois ou quatre chambres avec la grande particularit\u00e9 de pouvoir \u00e9galement offrir un large choix de possibilit\u00e9 d\u2019h\u00e9bergement s\u2019adaptant \u00e0 vos besoins, en effet certains de nos appartements sont modulables permettant ainsi de cr\u00e9er des chambres deluxe, des suites d\u2019une ou deux chambres.<\/p>\n<p>Vous serez accueillis avec la plus grande attention et b\u00e9n\u00e9ficierez de soins les plus attentifs, un petit-d\u00e9jeuner servi dans la salle \u00e0 manger de votre suite avec une vue magnifique sur les pistes et les montagnes, un plongeon dans la piscine notre Spa et un personnel pr\u00eat \u00e0 exaucer tous vos d\u00e9sirs: voil\u00e0 seulement quelques-uns des services dont vous pourrez b\u00e9n\u00e9ficier\u00a0lors de votre s\u00e9jour aux Grandes Alpes<\/p>\n","protected":false},"excerpt":{"rendered":"<p>L\u2019H\u00f4tel les Grandes Alpes est un chef-d\u2019\u0153uvre plac\u00e9 sous le signe du luxe et du raffinement, pens\u00e9 par un architecte d\u2019int\u00e9rieur fran\u00e7ais de renom Jean-Marc Mouchet, sp\u00e9cialis\u00e9 dans les essences de bois et les \u00e9l\u00e9ments naturels qui a su conjuguer dans ce fastueux \u00e9crin modernit\u00e9 et confort. Situ\u00e9 au c\u0153ur de la station de Courchevel [&hellip;]<\/p>\n","protected":false},"author":1,"featured_media":0,"parent":0,"menu_order":17,"comment_status":"closed","ping_status":"closed","template":"page-apartments.php","meta":{"_acf_changed":false,"footnotes":""},"class_list":["post-758","page","type-page","status-publish","hentry"],"acf":[],"yoast_head":"<!-- This site is optimized with the Yoast SEO plugin v27.5 - https:\/\/yoast.com\/product\/yoast-seo-wordpress\/ -->\n<title>Chambres, Suites et Appartements Luxueux - Grandes Alpes Hotel*****<\/title>\n<meta name=\"robots\" content=\"index, follow, max-snippet:-1, max-image-preview:large, max-video-preview:-1\" \/>\n<link rel=\"canonical\" href=\"https:\/\/grandesalpes.com\/fr\/luxury-apartments\/\" \/>\n<meta property=\"og:locale\" content=\"fr_FR\" \/>\n<meta property=\"og:type\" content=\"article\" \/>\n<meta property=\"og:title\" content=\"Chambres, Suites et Appartements Luxueux - Grandes Alpes Hotel*****\" \/>\n<meta property=\"og:description\" content=\"L\u2019H\u00f4tel les Grandes Alpes est un chef-d\u2019\u0153uvre plac\u00e9 sous le signe du luxe et du raffinement, pens\u00e9 par un architecte d\u2019int\u00e9rieur fran\u00e7ais de renom Jean-Marc Mouchet, sp\u00e9cialis\u00e9 dans les essences de bois et les \u00e9l\u00e9ments naturels qui a su conjuguer dans ce fastueux \u00e9crin modernit\u00e9 et confort. Situ\u00e9 au c\u0153ur de la station de Courchevel [&hellip;]\" \/>\n<meta property=\"og:url\" content=\"https:\/\/grandesalpes.com\/fr\/luxury-apartments\/\" \/>\n<meta property=\"og:site_name\" content=\"Grandes Alpes Hotel*****\" \/>\n<meta property=\"article:modified_time\" content=\"2025-09-02T14:10:03+00:00\" \/>\n<meta name=\"twitter:card\" content=\"summary_large_image\" \/>\n<meta name=\"twitter:label1\" content=\"Dur\u00e9e de lecture estim\u00e9e\" \/>\n\t<meta name=\"twitter:data1\" content=\"1 minute\" \/>\n<script type=\"application\/ld+json\" class=\"yoast-schema-graph\">{\"@context\":\"https:\\\/\\\/schema.org\",\"@graph\":[{\"@type\":\"WebPage\",\"@id\":\"https:\\\/\\\/grandesalpes.com\\\/fr\\\/luxury-apartments\\\/\",\"url\":\"https:\\\/\\\/grandesalpes.com\\\/fr\\\/luxury-apartments\\\/\",\"name\":\"Chambres, Suites et Appartements Luxueux - Grandes Alpes Hotel*****\",\"isPartOf\":{\"@id\":\"https:\\\/\\\/grandesalpes.com\\\/#website\"},\"datePublished\":\"2016-09-14T16:05:11+00:00\",\"dateModified\":\"2025-09-02T14:10:03+00:00\",\"breadcrumb\":{\"@id\":\"https:\\\/\\\/grandesalpes.com\\\/fr\\\/luxury-apartments\\\/#breadcrumb\"},\"inLanguage\":\"fr-FR\",\"potentialAction\":[{\"@type\":\"ReadAction\",\"target\":[\"https:\\\/\\\/grandesalpes.com\\\/fr\\\/luxury-apartments\\\/\"]}]},{\"@type\":\"BreadcrumbList\",\"@id\":\"https:\\\/\\\/grandesalpes.com\\\/fr\\\/luxury-apartments\\\/#breadcrumb\",\"itemListElement\":[{\"@type\":\"ListItem\",\"position\":1,\"name\":\"\u0413\u043b\u0430\u0432\u043d\u0430\u044f \u0441\u0442\u0440\u0430\u043d\u0438\u0446\u0430\",\"item\":\"https:\\\/\\\/grandesalpes.com\\\/\"},{\"@type\":\"ListItem\",\"position\":2,\"name\":\"Chambres, Suites et Appartements Luxueux\"}]},{\"@type\":\"WebSite\",\"@id\":\"https:\\\/\\\/grandesalpes.com\\\/#website\",\"url\":\"https:\\\/\\\/grandesalpes.com\\\/\",\"name\":\"Grandes Alpes Hotel*****\",\"description\":\"Courchevel 1850\",\"potentialAction\":[{\"@type\":\"SearchAction\",\"target\":{\"@type\":\"EntryPoint\",\"urlTemplate\":\"https:\\\/\\\/grandesalpes.com\\\/?s={search_term_string}\"},\"query-input\":{\"@type\":\"PropertyValueSpecification\",\"valueRequired\":true,\"valueName\":\"search_term_string\"}}],\"inLanguage\":\"fr-FR\"}]}<\/script>\n<!-- \/ Yoast SEO plugin. -->","yoast_head_json":{"title":"Chambres, Suites et Appartements Luxueux - Grandes Alpes Hotel*****","robots":{"index":"index","follow":"follow","max-snippet":"max-snippet:-1","max-image-preview":"max-image-preview:large","max-video-preview":"max-video-preview:-1"},"canonical":"https:\/\/grandesalpes.com\/fr\/luxury-apartments\/","og_locale":"fr_FR","og_type":"article","og_title":"Chambres, Suites et Appartements Luxueux - Grandes Alpes Hotel*****","og_description":"L\u2019H\u00f4tel les Grandes Alpes est un chef-d\u2019\u0153uvre plac\u00e9 sous le signe du luxe et du raffinement, pens\u00e9 par un architecte d\u2019int\u00e9rieur fran\u00e7ais de renom Jean-Marc Mouchet, sp\u00e9cialis\u00e9 dans les essences de bois et les \u00e9l\u00e9ments naturels qui a su conjuguer dans ce fastueux \u00e9crin modernit\u00e9 et confort. Situ\u00e9 au c\u0153ur de la station de Courchevel [&hellip;]","og_url":"https:\/\/grandesalpes.com\/fr\/luxury-apartments\/","og_site_name":"Grandes Alpes Hotel*****","article_modified_time":"2025-09-02T14:10:03+00:00","twitter_card":"summary_large_image","twitter_misc":{"Dur\u00e9e de lecture estim\u00e9e":"1 minute"},"schema":{"@context":"https:\/\/schema.org","@graph":[{"@type":"WebPage","@id":"https:\/\/grandesalpes.com\/fr\/luxury-apartments\/","url":"https:\/\/grandesalpes.com\/fr\/luxury-apartments\/","name":"Chambres, Suites et Appartements Luxueux - Grandes Alpes Hotel*****","isPartOf":{"@id":"https:\/\/grandesalpes.com\/#website"},"datePublished":"2016-09-14T16:05:11+00:00","dateModified":"2025-09-02T14:10:03+00:00","breadcrumb":{"@id":"https:\/\/grandesalpes.com\/fr\/luxury-apartments\/#breadcrumb"},"inLanguage":"fr-FR","potentialAction":[{"@type":"ReadAction","target":["https:\/\/grandesalpes.com\/fr\/luxury-apartments\/"]}]},{"@type":"BreadcrumbList","@id":"https:\/\/grandesalpes.com\/fr\/luxury-apartments\/#breadcrumb","itemListElement":[{"@type":"ListItem","position":1,"name":"\u0413\u043b\u0430\u0432\u043d\u0430\u044f \u0441\u0442\u0440\u0430\u043d\u0438\u0446\u0430","item":"https:\/\/grandesalpes.com\/"},{"@type":"ListItem","position":2,"name":"Chambres, Suites et Appartements Luxueux"}]},{"@type":"WebSite","@id":"https:\/\/grandesalpes.com\/#website","url":"https:\/\/grandesalpes.com\/","name":"Grandes Alpes Hotel*****","description":"Courchevel 1850","potentialAction":[{"@type":"SearchAction","target":{"@type":"EntryPoint","urlTemplate":"https:\/\/grandesalpes.com\/?s={search_term_string}"},"query-input":{"@type":"PropertyValueSpecification","valueRequired":true,"valueName":"search_term_string"}}],"inLanguage":"fr-FR"}]}},"_links":{"self":[{"href":"https:\/\/grandesalpes.com\/fr\/wp-json\/wp\/v2\/pages\/758","targetHints":{"allow":["GET"]}}],"collection":[{"href":"https:\/\/grandesalpes.com\/fr\/wp-json\/wp\/v2\/pages"}],"about":[{"href":"https:\/\/grandesalpes.com\/fr\/wp-json\/wp\/v2\/types\/page"}],"author":[{"embeddable":true,"href":"https:\/\/grandesalpes.com\/fr\/wp-json\/wp\/v2\/users\/1"}],"replies":[{"embeddable":true,"href":"https:\/\/grandesalpes.com\/fr\/wp-json\/wp\/v2\/comments?post=758"}],"version-history":[{"count":13,"href":"https:\/\/grandesalpes.com\/fr\/wp-json\/wp\/v2\/pages\/758\/revisions"}],"predecessor-version":[{"id":6850,"href":"https:\/\/grandesalpes.com\/fr\/wp-json\/wp\/v2\/pages\/758\/revisions\/6850"}],"wp:attachment":[{"href":"https:\/\/grandesalpes.com\/fr\/wp-json\/wp\/v2\/media?parent=758"}],"curies":[{"name":"wp","href":"https:\/\/api.w.org\/{rel}","templated":true}]}}