{"id":6925,"date":"2025-10-29T11:34:39","date_gmt":"2025-10-29T11:34:39","guid":{"rendered":"https:\/\/grandesalpes.com\/?page_id=6925"},"modified":"2025-10-30T08:53:29","modified_gmt":"2025-10-30T08:53:29","slug":"cookie-policy","status":"publish","type":"page","link":"https:\/\/grandesalpes.com\/fr\/cookie-policy\/","title":{"rendered":"Cookie Policy"},"content":{"rendered":"<p>When you connect to our website, you may install various cookies on your device. Some cookies are subject to your prior consent and will only be installed if you have previously accepted them. To ensure transparency about the personal data that we collect and process, we expose thereby to your knowledge, through this cookie policy, what a cookie is, what types of cookies are used, for what purpose, who are the recipients of the data collected this way and what means you have to manage these cookies.<\/p>\n","protected":false},"excerpt":{"rendered":"<p>When you connect to our website, you may install various cookies on your device. Some cookies are subject to your prior consent and will only be installed if you have previously accepted them. To ensure transparency about the personal data that we collect and process, we expose thereby to your knowledge, through this cookie policy, [&hellip;]<\/p>\n","protected":false},"author":2,"featured_media":4891,"parent":0,"menu_order":0,"comment_status":"closed","ping_status":"closed","template":"page-privacy-policy.php","meta":{"_acf_changed":false,"footnotes":""},"class_list":["post-6925","page","type-page","status-publish","has-post-thumbnail","hentry"],"acf":[],"yoast_head":"<!-- This site is optimized with the Yoast SEO plugin v27.5 - https:\/\/yoast.com\/product\/yoast-seo-wordpress\/ -->\n<title>Politique de cookies | H\u00f4tel Grandes Alpes \u2013 Courchevel 1850<\/title>\n<meta name=\"description\" content=\"D\u00e9couvrez comment l\u2019H\u00f4tel Grandes Alpes utilise les cookies et technologies similaires, leurs finalit\u00e9s et comment g\u00e9rer ou retirer votre consentement.\" \/>\n<meta name=\"robots\" content=\"index, follow, max-snippet:-1, max-image-preview:large, max-video-preview:-1\" \/>\n<link rel=\"canonical\" href=\"https:\/\/grandesalpes.com\/fr\/cookie-policy\/\" \/>\n<meta property=\"og:locale\" content=\"fr_FR\" \/>\n<meta property=\"og:type\" content=\"article\" \/>\n<meta property=\"og:title\" content=\"Politique de cookies | H\u00f4tel Grandes Alpes \u2013 Courchevel 1850\" \/>\n<meta property=\"og:description\" content=\"D\u00e9couvrez comment l\u2019H\u00f4tel Grandes Alpes utilise les cookies et technologies similaires, leurs finalit\u00e9s et comment g\u00e9rer ou retirer votre consentement.\" \/>\n<meta property=\"og:url\" content=\"https:\/\/grandesalpes.com\/fr\/cookie-policy\/\" \/>\n<meta property=\"og:site_name\" content=\"Grandes Alpes Hotel*****\" \/>\n<meta property=\"article:modified_time\" content=\"2025-10-30T08:53:29+00:00\" \/>\n<meta property=\"og:image\" content=\"https:\/\/grandesalpes.com\/wp-content\/uploads\/2020\/02\/\u00a9-LOIC-B.-PHOTOGRAPHE-\u2022-GRANDES-ALPES-COURCHEVEL-1850-\u202226-1024x682.jpg\" \/>\n\t<meta property=\"og:image:width\" content=\"1024\" \/>\n\t<meta property=\"og:image:height\" content=\"682\" \/>\n\t<meta property=\"og:image:type\" content=\"image\/jpeg\" \/>\n<meta name=\"twitter:card\" content=\"summary_large_image\" \/>\n<meta name=\"twitter:title\" content=\"Politique de cookies | H\u00f4tel Grandes Alpes \u2013 Courchevel 1850\" \/>\n<meta name=\"twitter:description\" content=\"D\u00e9couvrez comment l\u2019H\u00f4tel Grandes Alpes utilise les cookies et technologies similaires, leurs finalit\u00e9s et comment g\u00e9rer ou retirer votre consentement.\" \/>\n<meta name=\"twitter:image\" content=\"https:\/\/grandesalpes.com\/wp-content\/uploads\/2020\/02\/\u00a9-LOIC-B.-PHOTOGRAPHE-\u2022-GRANDES-ALPES-COURCHEVEL-1850-\u202226.jpg\" \/>\n<meta name=\"twitter:label1\" content=\"Dur\u00e9e de lecture estim\u00e9e\" \/>\n\t<meta name=\"twitter:data1\" content=\"1 minute\" \/>\n<script type=\"application\/ld+json\" class=\"yoast-schema-graph\">{\"@context\":\"https:\\\/\\\/schema.org\",\"@graph\":[{\"@type\":\"WebPage\",\"@id\":\"https:\\\/\\\/grandesalpes.com\\\/fr\\\/cookie-policy\\\/\",\"url\":\"https:\\\/\\\/grandesalpes.com\\\/fr\\\/cookie-policy\\\/\",\"name\":\"Politique de cookies | H\u00f4tel Grandes Alpes \u2013 Courchevel 1850\",\"isPartOf\":{\"@id\":\"https:\\\/\\\/grandesalpes.com\\\/#website\"},\"primaryImageOfPage\":{\"@id\":\"https:\\\/\\\/grandesalpes.com\\\/fr\\\/cookie-policy\\\/#primaryimage\"},\"image\":{\"@id\":\"https:\\\/\\\/grandesalpes.com\\\/fr\\\/cookie-policy\\\/#primaryimage\"},\"thumbnailUrl\":\"https:\\\/\\\/grandesalpes.com\\\/wp-content\\\/uploads\\\/2020\\\/02\\\/\u00a9-LOIC-B.-PHOTOGRAPHE-\u2022-GRANDES-ALPES-COURCHEVEL-1850-\u202226.jpg\",\"datePublished\":\"2025-10-29T11:34:39+00:00\",\"dateModified\":\"2025-10-30T08:53:29+00:00\",\"description\":\"D\u00e9couvrez comment l\u2019H\u00f4tel Grandes Alpes utilise les cookies et technologies similaires, leurs finalit\u00e9s et comment g\u00e9rer ou retirer votre consentement.\",\"breadcrumb\":{\"@id\":\"https:\\\/\\\/grandesalpes.com\\\/fr\\\/cookie-policy\\\/#breadcrumb\"},\"inLanguage\":\"fr-FR\",\"potentialAction\":[{\"@type\":\"ReadAction\",\"target\":[\"https:\\\/\\\/grandesalpes.com\\\/fr\\\/cookie-policy\\\/\"]}]},{\"@type\":\"ImageObject\",\"inLanguage\":\"fr-FR\",\"@id\":\"https:\\\/\\\/grandesalpes.com\\\/fr\\\/cookie-policy\\\/#primaryimage\",\"url\":\"https:\\\/\\\/grandesalpes.com\\\/wp-content\\\/uploads\\\/2020\\\/02\\\/\u00a9-LOIC-B.-PHOTOGRAPHE-\u2022-GRANDES-ALPES-COURCHEVEL-1850-\u202226.jpg\",\"contentUrl\":\"https:\\\/\\\/grandesalpes.com\\\/wp-content\\\/uploads\\\/2020\\\/02\\\/\u00a9-LOIC-B.-PHOTOGRAPHE-\u2022-GRANDES-ALPES-COURCHEVEL-1850-\u202226.jpg\",\"width\":2000,\"height\":1333},{\"@type\":\"BreadcrumbList\",\"@id\":\"https:\\\/\\\/grandesalpes.com\\\/fr\\\/cookie-policy\\\/#breadcrumb\",\"itemListElement\":[{\"@type\":\"ListItem\",\"position\":1,\"name\":\"\u0413\u043b\u0430\u0432\u043d\u0430\u044f \u0441\u0442\u0440\u0430\u043d\u0438\u0446\u0430\",\"item\":\"https:\\\/\\\/grandesalpes.com\\\/\"},{\"@type\":\"ListItem\",\"position\":2,\"name\":\"Cookie Policy\"}]},{\"@type\":\"WebSite\",\"@id\":\"https:\\\/\\\/grandesalpes.com\\\/#website\",\"url\":\"https:\\\/\\\/grandesalpes.com\\\/\",\"name\":\"Grandes Alpes Hotel*****\",\"description\":\"Courchevel 1850\",\"potentialAction\":[{\"@type\":\"SearchAction\",\"target\":{\"@type\":\"EntryPoint\",\"urlTemplate\":\"https:\\\/\\\/grandesalpes.com\\\/?s={search_term_string}\"},\"query-input\":{\"@type\":\"PropertyValueSpecification\",\"valueRequired\":true,\"valueName\":\"search_term_string\"}}],\"inLanguage\":\"fr-FR\"}]}<\/script>\n<!-- \/ Yoast SEO plugin. -->","yoast_head_json":{"title":"Politique de cookies | H\u00f4tel Grandes Alpes \u2013 Courchevel 1850","description":"D\u00e9couvrez comment l\u2019H\u00f4tel Grandes Alpes utilise les cookies et technologies similaires, leurs finalit\u00e9s et comment g\u00e9rer ou retirer votre consentement.","robots":{"index":"index","follow":"follow","max-snippet":"max-snippet:-1","max-image-preview":"max-image-preview:large","max-video-preview":"max-video-preview:-1"},"canonical":"https:\/\/grandesalpes.com\/fr\/cookie-policy\/","og_locale":"fr_FR","og_type":"article","og_title":"Politique de cookies | H\u00f4tel Grandes Alpes \u2013 Courchevel 1850","og_description":"D\u00e9couvrez comment l\u2019H\u00f4tel Grandes Alpes utilise les cookies et technologies similaires, leurs finalit\u00e9s et comment g\u00e9rer ou retirer votre consentement.","og_url":"https:\/\/grandesalpes.com\/fr\/cookie-policy\/","og_site_name":"Grandes Alpes Hotel*****","article_modified_time":"2025-10-30T08:53:29+00:00","og_image":[{"width":1024,"height":682,"url":"https:\/\/grandesalpes.com\/wp-content\/uploads\/2020\/02\/\u00a9-LOIC-B.-PHOTOGRAPHE-\u2022-GRANDES-ALPES-COURCHEVEL-1850-\u202226-1024x682.jpg","type":"image\/jpeg"}],"twitter_card":"summary_large_image","twitter_title":"Politique de cookies | H\u00f4tel Grandes Alpes \u2013 Courchevel 1850","twitter_description":"D\u00e9couvrez comment l\u2019H\u00f4tel Grandes Alpes utilise les cookies et technologies similaires, leurs finalit\u00e9s et comment g\u00e9rer ou retirer votre consentement.","twitter_image":"https:\/\/grandesalpes.com\/wp-content\/uploads\/2020\/02\/\u00a9-LOIC-B.-PHOTOGRAPHE-\u2022-GRANDES-ALPES-COURCHEVEL-1850-\u202226.jpg","twitter_misc":{"Dur\u00e9e de lecture estim\u00e9e":"1 minute"},"schema":{"@context":"https:\/\/schema.org","@graph":[{"@type":"WebPage","@id":"https:\/\/grandesalpes.com\/fr\/cookie-policy\/","url":"https:\/\/grandesalpes.com\/fr\/cookie-policy\/","name":"Politique de cookies | H\u00f4tel Grandes Alpes \u2013 Courchevel 1850","isPartOf":{"@id":"https:\/\/grandesalpes.com\/#website"},"primaryImageOfPage":{"@id":"https:\/\/grandesalpes.com\/fr\/cookie-policy\/#primaryimage"},"image":{"@id":"https:\/\/grandesalpes.com\/fr\/cookie-policy\/#primaryimage"},"thumbnailUrl":"https:\/\/grandesalpes.com\/wp-content\/uploads\/2020\/02\/\u00a9-LOIC-B.-PHOTOGRAPHE-\u2022-GRANDES-ALPES-COURCHEVEL-1850-\u202226.jpg","datePublished":"2025-10-29T11:34:39+00:00","dateModified":"2025-10-30T08:53:29+00:00","description":"D\u00e9couvrez comment l\u2019H\u00f4tel Grandes Alpes utilise les cookies et technologies similaires, leurs finalit\u00e9s et comment g\u00e9rer ou retirer votre consentement.","breadcrumb":{"@id":"https:\/\/grandesalpes.com\/fr\/cookie-policy\/#breadcrumb"},"inLanguage":"fr-FR","potentialAction":[{"@type":"ReadAction","target":["https:\/\/grandesalpes.com\/fr\/cookie-policy\/"]}]},{"@type":"ImageObject","inLanguage":"fr-FR","@id":"https:\/\/grandesalpes.com\/fr\/cookie-policy\/#primaryimage","url":"https:\/\/grandesalpes.com\/wp-content\/uploads\/2020\/02\/\u00a9-LOIC-B.-PHOTOGRAPHE-\u2022-GRANDES-ALPES-COURCHEVEL-1850-\u202226.jpg","contentUrl":"https:\/\/grandesalpes.com\/wp-content\/uploads\/2020\/02\/\u00a9-LOIC-B.-PHOTOGRAPHE-\u2022-GRANDES-ALPES-COURCHEVEL-1850-\u202226.jpg","width":2000,"height":1333},{"@type":"BreadcrumbList","@id":"https:\/\/grandesalpes.com\/fr\/cookie-policy\/#breadcrumb","itemListElement":[{"@type":"ListItem","position":1,"name":"\u0413\u043b\u0430\u0432\u043d\u0430\u044f \u0441\u0442\u0440\u0430\u043d\u0438\u0446\u0430","item":"https:\/\/grandesalpes.com\/"},{"@type":"ListItem","position":2,"name":"Cookie Policy"}]},{"@type":"WebSite","@id":"https:\/\/grandesalpes.com\/#website","url":"https:\/\/grandesalpes.com\/","name":"Grandes Alpes Hotel*****","description":"Courchevel 1850","potentialAction":[{"@type":"SearchAction","target":{"@type":"EntryPoint","urlTemplate":"https:\/\/grandesalpes.com\/?s={search_term_string}"},"query-input":{"@type":"PropertyValueSpecification","valueRequired":true,"valueName":"search_term_string"}}],"inLanguage":"fr-FR"}]}},"_links":{"self":[{"href":"https:\/\/grandesalpes.com\/fr\/wp-json\/wp\/v2\/pages\/6925","targetHints":{"allow":["GET"]}}],"collection":[{"href":"https:\/\/grandesalpes.com\/fr\/wp-json\/wp\/v2\/pages"}],"about":[{"href":"https:\/\/grandesalpes.com\/fr\/wp-json\/wp\/v2\/types\/page"}],"author":[{"embeddable":true,"href":"https:\/\/grandesalpes.com\/fr\/wp-json\/wp\/v2\/users\/2"}],"replies":[{"embeddable":true,"href":"https:\/\/grandesalpes.com\/fr\/wp-json\/wp\/v2\/comments?post=6925"}],"version-history":[{"count":2,"href":"https:\/\/grandesalpes.com\/fr\/wp-json\/wp\/v2\/pages\/6925\/revisions"}],"predecessor-version":[{"id":6933,"href":"https:\/\/grandesalpes.com\/fr\/wp-json\/wp\/v2\/pages\/6925\/revisions\/6933"}],"wp:featuredmedia":[{"embeddable":true,"href":"https:\/\/grandesalpes.com\/fr\/wp-json\/wp\/v2\/media\/4891"}],"wp:attachment":[{"href":"https:\/\/grandesalpes.com\/fr\/wp-json\/wp\/v2\/media?parent=6925"}],"curies":[{"name":"wp","href":"https:\/\/api.w.org\/{rel}","templated":true}]}}