{"id":6879,"date":"2025-09-15T10:42:30","date_gmt":"2025-09-15T10:42:30","guid":{"rendered":"https:\/\/grandesalpes.com\/?page_id=6879"},"modified":"2025-09-15T10:47:12","modified_gmt":"2025-09-15T10:47:12","slug":"privacy-policy","status":"publish","type":"page","link":"https:\/\/grandesalpes.com\/fr\/privacy-policy\/","title":{"rendered":"Privacy Policy"},"content":{"rendered":"<h2>Preamble<\/h2>\n<p>This Privacy Policy is intended to explain to you, in accordance with the General Data Protection Regulation (GDPR), why Grandes Alpes Hotel Courchevel processes your personal data, how it is processed, what rights you hold over your data and how to perform them.<\/p>\n<p>Grandes Alpes Hotel Courchevel reserves the right to modify this Privacy Policy at any time. Any changes will take effect immediately. We invite you to regularly consult our Policy, accessible from all pages of the Site, in order to keep yourself informed of the latest applicable online version. We also encourage you to check the date indicated on this Policy to find out when it was last updated.<\/p>\n","protected":false},"excerpt":{"rendered":"<p>Preamble This Privacy Policy is intended to explain to you, in accordance with the General Data Protection Regulation (GDPR), why Grandes Alpes Hotel Courchevel processes your personal data, how it is processed, what rights you hold over your data and how to perform them. Grandes Alpes Hotel Courchevel reserves the right to modify this Privacy [&hellip;]<\/p>\n","protected":false},"author":2,"featured_media":4891,"parent":0,"menu_order":0,"comment_status":"closed","ping_status":"closed","template":"page-privacy-policy.php","meta":{"_acf_changed":false,"footnotes":""},"class_list":["post-6879","page","type-page","status-publish","has-post-thumbnail","hentry"],"acf":[],"yoast_head":"<!-- This site is optimized with the Yoast SEO plugin v27.5 - https:\/\/yoast.com\/product\/yoast-seo-wordpress\/ -->\n<title>Politique de confidentialit\u00e9 | Grandes Alpes H\u00f4tel Courchevel<\/title>\n<meta name=\"description\" content=\"Consultez la politique de confidentialit\u00e9 du Grandes Alpes H\u00f4tel Courchevel. D\u00e9couvrez comment nous collectons, utilisons, conservons et prot\u00e9geons vos donn\u00e9es personnelles conform\u00e9ment au RGPD, ainsi que vos droits et la mani\u00e8re de les exercer.\" \/>\n<meta name=\"robots\" content=\"index, follow, max-snippet:-1, max-image-preview:large, max-video-preview:-1\" \/>\n<link rel=\"canonical\" href=\"https:\/\/grandesalpes.com\/fr\/privacy-policy\/\" \/>\n<meta property=\"og:locale\" content=\"fr_FR\" \/>\n<meta property=\"og:type\" content=\"article\" \/>\n<meta property=\"og:title\" content=\"Politique de confidentialit\u00e9 | Grandes Alpes H\u00f4tel Courchevel\" \/>\n<meta property=\"og:description\" content=\"D\u00e9couvrez comment le Grandes Alpes H\u00f4tel Courchevel collecte et prot\u00e8ge vos donn\u00e9es personnelles en conformit\u00e9 avec le RGPD.\" \/>\n<meta property=\"og:url\" content=\"https:\/\/grandesalpes.com\/fr\/privacy-policy\/\" \/>\n<meta property=\"og:site_name\" content=\"Grandes Alpes Hotel*****\" \/>\n<meta property=\"article:modified_time\" content=\"2025-09-15T10:47:12+00:00\" \/>\n<meta property=\"og:image\" content=\"https:\/\/grandesalpes.com\/wp-content\/uploads\/2020\/02\/\u00a9-LOIC-B.-PHOTOGRAPHE-\u2022-GRANDES-ALPES-COURCHEVEL-1850-\u202226-1024x682.jpg\" \/>\n\t<meta property=\"og:image:width\" content=\"1024\" \/>\n\t<meta property=\"og:image:height\" content=\"682\" \/>\n\t<meta property=\"og:image:type\" content=\"image\/jpeg\" \/>\n<meta name=\"twitter:card\" content=\"summary_large_image\" \/>\n<meta name=\"twitter:title\" content=\"Politique de confidentialit\u00e9 | Grandes Alpes H\u00f4tel Courchevel\" \/>\n<meta name=\"twitter:description\" content=\"D\u00e9couvrez comment le Grandes Alpes H\u00f4tel Courchevel collecte et prot\u00e8ge vos donn\u00e9es personnelles en conformit\u00e9 avec le RGPD.\" \/>\n<meta name=\"twitter:image\" content=\"https:\/\/grandesalpes.com\/wp-content\/uploads\/2020\/02\/\u00a9-LOIC-B.-PHOTOGRAPHE-\u2022-GRANDES-ALPES-COURCHEVEL-1850-\u202226.jpg\" \/>\n<meta name=\"twitter:label1\" content=\"Dur\u00e9e de lecture estim\u00e9e\" \/>\n\t<meta name=\"twitter:data1\" content=\"1 minute\" \/>\n<script type=\"application\/ld+json\" class=\"yoast-schema-graph\">{\"@context\":\"https:\\\/\\\/schema.org\",\"@graph\":[{\"@type\":\"WebPage\",\"@id\":\"https:\\\/\\\/grandesalpes.com\\\/fr\\\/privacy-policy\\\/\",\"url\":\"https:\\\/\\\/grandesalpes.com\\\/fr\\\/privacy-policy\\\/\",\"name\":\"Politique de confidentialit\u00e9 | Grandes Alpes H\u00f4tel Courchevel\",\"isPartOf\":{\"@id\":\"https:\\\/\\\/grandesalpes.com\\\/#website\"},\"primaryImageOfPage\":{\"@id\":\"https:\\\/\\\/grandesalpes.com\\\/fr\\\/privacy-policy\\\/#primaryimage\"},\"image\":{\"@id\":\"https:\\\/\\\/grandesalpes.com\\\/fr\\\/privacy-policy\\\/#primaryimage\"},\"thumbnailUrl\":\"https:\\\/\\\/grandesalpes.com\\\/wp-content\\\/uploads\\\/2020\\\/02\\\/\u00a9-LOIC-B.-PHOTOGRAPHE-\u2022-GRANDES-ALPES-COURCHEVEL-1850-\u202226.jpg\",\"datePublished\":\"2025-09-15T10:42:30+00:00\",\"dateModified\":\"2025-09-15T10:47:12+00:00\",\"description\":\"Consultez la politique de confidentialit\u00e9 du Grandes Alpes H\u00f4tel Courchevel. D\u00e9couvrez comment nous collectons, utilisons, conservons et prot\u00e9geons vos donn\u00e9es personnelles conform\u00e9ment au RGPD, ainsi que vos droits et la mani\u00e8re de les exercer.\",\"breadcrumb\":{\"@id\":\"https:\\\/\\\/grandesalpes.com\\\/fr\\\/privacy-policy\\\/#breadcrumb\"},\"inLanguage\":\"fr-FR\",\"potentialAction\":[{\"@type\":\"ReadAction\",\"target\":[\"https:\\\/\\\/grandesalpes.com\\\/fr\\\/privacy-policy\\\/\"]}]},{\"@type\":\"ImageObject\",\"inLanguage\":\"fr-FR\",\"@id\":\"https:\\\/\\\/grandesalpes.com\\\/fr\\\/privacy-policy\\\/#primaryimage\",\"url\":\"https:\\\/\\\/grandesalpes.com\\\/wp-content\\\/uploads\\\/2020\\\/02\\\/\u00a9-LOIC-B.-PHOTOGRAPHE-\u2022-GRANDES-ALPES-COURCHEVEL-1850-\u202226.jpg\",\"contentUrl\":\"https:\\\/\\\/grandesalpes.com\\\/wp-content\\\/uploads\\\/2020\\\/02\\\/\u00a9-LOIC-B.-PHOTOGRAPHE-\u2022-GRANDES-ALPES-COURCHEVEL-1850-\u202226.jpg\",\"width\":2000,\"height\":1333},{\"@type\":\"BreadcrumbList\",\"@id\":\"https:\\\/\\\/grandesalpes.com\\\/fr\\\/privacy-policy\\\/#breadcrumb\",\"itemListElement\":[{\"@type\":\"ListItem\",\"position\":1,\"name\":\"\u0413\u043b\u0430\u0432\u043d\u0430\u044f \u0441\u0442\u0440\u0430\u043d\u0438\u0446\u0430\",\"item\":\"https:\\\/\\\/grandesalpes.com\\\/\"},{\"@type\":\"ListItem\",\"position\":2,\"name\":\"Privacy Policy\"}]},{\"@type\":\"WebSite\",\"@id\":\"https:\\\/\\\/grandesalpes.com\\\/#website\",\"url\":\"https:\\\/\\\/grandesalpes.com\\\/\",\"name\":\"Grandes Alpes Hotel*****\",\"description\":\"Courchevel 1850\",\"potentialAction\":[{\"@type\":\"SearchAction\",\"target\":{\"@type\":\"EntryPoint\",\"urlTemplate\":\"https:\\\/\\\/grandesalpes.com\\\/?s={search_term_string}\"},\"query-input\":{\"@type\":\"PropertyValueSpecification\",\"valueRequired\":true,\"valueName\":\"search_term_string\"}}],\"inLanguage\":\"fr-FR\"}]}<\/script>\n<!-- \/ Yoast SEO plugin. -->","yoast_head_json":{"title":"Politique de confidentialit\u00e9 | Grandes Alpes H\u00f4tel Courchevel","description":"Consultez la politique de confidentialit\u00e9 du Grandes Alpes H\u00f4tel Courchevel. D\u00e9couvrez comment nous collectons, utilisons, conservons et prot\u00e9geons vos donn\u00e9es personnelles conform\u00e9ment au RGPD, ainsi que vos droits et la mani\u00e8re de les exercer.","robots":{"index":"index","follow":"follow","max-snippet":"max-snippet:-1","max-image-preview":"max-image-preview:large","max-video-preview":"max-video-preview:-1"},"canonical":"https:\/\/grandesalpes.com\/fr\/privacy-policy\/","og_locale":"fr_FR","og_type":"article","og_title":"Politique de confidentialit\u00e9 | Grandes Alpes H\u00f4tel Courchevel","og_description":"D\u00e9couvrez comment le Grandes Alpes H\u00f4tel Courchevel collecte et prot\u00e8ge vos donn\u00e9es personnelles en conformit\u00e9 avec le RGPD.","og_url":"https:\/\/grandesalpes.com\/fr\/privacy-policy\/","og_site_name":"Grandes Alpes Hotel*****","article_modified_time":"2025-09-15T10:47:12+00:00","og_image":[{"width":1024,"height":682,"url":"https:\/\/grandesalpes.com\/wp-content\/uploads\/2020\/02\/\u00a9-LOIC-B.-PHOTOGRAPHE-\u2022-GRANDES-ALPES-COURCHEVEL-1850-\u202226-1024x682.jpg","type":"image\/jpeg"}],"twitter_card":"summary_large_image","twitter_title":"Politique de confidentialit\u00e9 | Grandes Alpes H\u00f4tel Courchevel","twitter_description":"D\u00e9couvrez comment le Grandes Alpes H\u00f4tel Courchevel collecte et prot\u00e8ge vos donn\u00e9es personnelles en conformit\u00e9 avec le RGPD.","twitter_image":"https:\/\/grandesalpes.com\/wp-content\/uploads\/2020\/02\/\u00a9-LOIC-B.-PHOTOGRAPHE-\u2022-GRANDES-ALPES-COURCHEVEL-1850-\u202226.jpg","twitter_misc":{"Dur\u00e9e de lecture estim\u00e9e":"1 minute"},"schema":{"@context":"https:\/\/schema.org","@graph":[{"@type":"WebPage","@id":"https:\/\/grandesalpes.com\/fr\/privacy-policy\/","url":"https:\/\/grandesalpes.com\/fr\/privacy-policy\/","name":"Politique de confidentialit\u00e9 | Grandes Alpes H\u00f4tel Courchevel","isPartOf":{"@id":"https:\/\/grandesalpes.com\/#website"},"primaryImageOfPage":{"@id":"https:\/\/grandesalpes.com\/fr\/privacy-policy\/#primaryimage"},"image":{"@id":"https:\/\/grandesalpes.com\/fr\/privacy-policy\/#primaryimage"},"thumbnailUrl":"https:\/\/grandesalpes.com\/wp-content\/uploads\/2020\/02\/\u00a9-LOIC-B.-PHOTOGRAPHE-\u2022-GRANDES-ALPES-COURCHEVEL-1850-\u202226.jpg","datePublished":"2025-09-15T10:42:30+00:00","dateModified":"2025-09-15T10:47:12+00:00","description":"Consultez la politique de confidentialit\u00e9 du Grandes Alpes H\u00f4tel Courchevel. D\u00e9couvrez comment nous collectons, utilisons, conservons et prot\u00e9geons vos donn\u00e9es personnelles conform\u00e9ment au RGPD, ainsi que vos droits et la mani\u00e8re de les exercer.","breadcrumb":{"@id":"https:\/\/grandesalpes.com\/fr\/privacy-policy\/#breadcrumb"},"inLanguage":"fr-FR","potentialAction":[{"@type":"ReadAction","target":["https:\/\/grandesalpes.com\/fr\/privacy-policy\/"]}]},{"@type":"ImageObject","inLanguage":"fr-FR","@id":"https:\/\/grandesalpes.com\/fr\/privacy-policy\/#primaryimage","url":"https:\/\/grandesalpes.com\/wp-content\/uploads\/2020\/02\/\u00a9-LOIC-B.-PHOTOGRAPHE-\u2022-GRANDES-ALPES-COURCHEVEL-1850-\u202226.jpg","contentUrl":"https:\/\/grandesalpes.com\/wp-content\/uploads\/2020\/02\/\u00a9-LOIC-B.-PHOTOGRAPHE-\u2022-GRANDES-ALPES-COURCHEVEL-1850-\u202226.jpg","width":2000,"height":1333},{"@type":"BreadcrumbList","@id":"https:\/\/grandesalpes.com\/fr\/privacy-policy\/#breadcrumb","itemListElement":[{"@type":"ListItem","position":1,"name":"\u0413\u043b\u0430\u0432\u043d\u0430\u044f \u0441\u0442\u0440\u0430\u043d\u0438\u0446\u0430","item":"https:\/\/grandesalpes.com\/"},{"@type":"ListItem","position":2,"name":"Privacy Policy"}]},{"@type":"WebSite","@id":"https:\/\/grandesalpes.com\/#website","url":"https:\/\/grandesalpes.com\/","name":"Grandes Alpes Hotel*****","description":"Courchevel 1850","potentialAction":[{"@type":"SearchAction","target":{"@type":"EntryPoint","urlTemplate":"https:\/\/grandesalpes.com\/?s={search_term_string}"},"query-input":{"@type":"PropertyValueSpecification","valueRequired":true,"valueName":"search_term_string"}}],"inLanguage":"fr-FR"}]}},"_links":{"self":[{"href":"https:\/\/grandesalpes.com\/fr\/wp-json\/wp\/v2\/pages\/6879","targetHints":{"allow":["GET"]}}],"collection":[{"href":"https:\/\/grandesalpes.com\/fr\/wp-json\/wp\/v2\/pages"}],"about":[{"href":"https:\/\/grandesalpes.com\/fr\/wp-json\/wp\/v2\/types\/page"}],"author":[{"embeddable":true,"href":"https:\/\/grandesalpes.com\/fr\/wp-json\/wp\/v2\/users\/2"}],"replies":[{"embeddable":true,"href":"https:\/\/grandesalpes.com\/fr\/wp-json\/wp\/v2\/comments?post=6879"}],"version-history":[{"count":3,"href":"https:\/\/grandesalpes.com\/fr\/wp-json\/wp\/v2\/pages\/6879\/revisions"}],"predecessor-version":[{"id":6889,"href":"https:\/\/grandesalpes.com\/fr\/wp-json\/wp\/v2\/pages\/6879\/revisions\/6889"}],"wp:featuredmedia":[{"embeddable":true,"href":"https:\/\/grandesalpes.com\/fr\/wp-json\/wp\/v2\/media\/4891"}],"wp:attachment":[{"href":"https:\/\/grandesalpes.com\/fr\/wp-json\/wp\/v2\/media?parent=6879"}],"curies":[{"name":"wp","href":"https:\/\/api.w.org\/{rel}","templated":true}]}}